{"id":772,"date":"2022-08-03T13:41:50","date_gmt":"2022-08-03T13:41:50","guid":{"rendered":"https:\/\/esteticathermal.cat\/about\/"},"modified":"2024-07-26T16:22:08","modified_gmt":"2024-07-26T16:22:08","slug":"equip-pofessional","status":"publish","type":"page","link":"https:\/\/esteticathermal.cat\/en\/professional-team\/","title":{"rendered":"Professional team"},"content":{"rendered":"<div data-elementor-type=\"wp-page\" data-elementor-id=\"772\" class=\"elementor elementor-772\" data-elementor-post-type=\"page\">\n\t\t\t\t\t\t<section class=\"elementor-section elementor-top-section elementor-element elementor-element-6de848c elementor-section-boxed elementor-section-height-default elementor-section-height-default\" data-id=\"6de848c\" data-element_type=\"section\" data-settings=\"{&quot;background_background&quot;:&quot;classic&quot;}\">\n\t\t\t\t\t\t<div class=\"elementor-container elementor-column-gap-no\">\n\t\t\t\t\t<div class=\"elementor-column elementor-col-100 elementor-top-column elementor-element elementor-element-fd2b3ac\" data-id=\"fd2b3ac\" data-element_type=\"column\">\n\t\t\t<div class=\"elementor-widget-wrap elementor-element-populated\">\n\t\t\t\t\t\t<div class=\"elementor-element elementor-element-bc3b205 elementor-widget elementor-widget-heading\" data-id=\"bc3b205\" data-element_type=\"widget\" data-widget_type=\"heading.default\">\n\t\t\t\t<div class=\"elementor-widget-container\">\n\t\t\t\t\t<h6 class=\"elementor-heading-title elementor-size-default\">Thermal aesthetics<\/h6>\t\t\t\t<\/div>\n\t\t\t\t<\/div>\n\t\t\t\t<div class=\"elementor-element elementor-element-e11bf14 elementor-widget elementor-widget-heading\" data-id=\"e11bf14\" data-element_type=\"widget\" data-widget_type=\"heading.default\">\n\t\t\t\t<div class=\"elementor-widget-container\">\n\t\t\t\t\t<h1 class=\"elementor-heading-title elementor-size-default\">Professional team<\/h1>\t\t\t\t<\/div>\n\t\t\t\t<\/div>\n\t\t\t\t\t<\/div>\n\t\t<\/div>\n\t\t\t\t\t<\/div>\n\t\t<\/section>\n\t\t\t\t<section class=\"elementor-section elementor-top-section elementor-element elementor-element-09d2e0b elementor-section-boxed elementor-section-height-default elementor-section-height-default\" data-id=\"09d2e0b\" data-element_type=\"section\">\n\t\t\t\t\t\t<div class=\"elementor-container elementor-column-gap-no\">\n\t\t\t\t\t<div class=\"elementor-column elementor-col-100 elementor-top-column elementor-element elementor-element-58b326e\" data-id=\"58b326e\" data-element_type=\"column\">\n\t\t\t<div class=\"elementor-widget-wrap elementor-element-populated\">\n\t\t\t\t\t\t<div class=\"elementor-element elementor-element-185f60f elementor-widget elementor-widget-heading\" data-id=\"185f60f\" data-element_type=\"widget\" data-widget_type=\"heading.default\">\n\t\t\t\t<div class=\"elementor-widget-container\">\n\t\t\t\t\t<h2 class=\"elementor-heading-title elementor-size-default\">We present to you the members of the entire team of professionals <\/h2>\t\t\t\t<\/div>\n\t\t\t\t<\/div>\n\t\t\t\t<div class=\"elementor-element elementor-element-74877a8 elementor-widget-divider--view-line elementor-widget elementor-widget-divider\" data-id=\"74877a8\" data-element_type=\"widget\" data-widget_type=\"divider.default\">\n\t\t\t\t<div class=\"elementor-widget-container\">\n\t\t\t\t\t\t\t<div class=\"elementor-divider\">\n\t\t\t<span class=\"elementor-divider-separator\">\n\t\t\t\t\t\t<\/span>\n\t\t<\/div>\n\t\t\t\t\t\t<\/div>\n\t\t\t\t<\/div>\n\t\t\t\t\t<\/div>\n\t\t<\/div>\n\t\t\t\t\t<\/div>\n\t\t<\/section>\n\t\t\t\t<section class=\"elementor-section elementor-top-section elementor-element elementor-element-8f158c0 elementor-section-boxed elementor-section-height-default elementor-section-height-default\" data-id=\"8f158c0\" data-element_type=\"section\">\n\t\t\t\t\t\t<div class=\"elementor-container elementor-column-gap-no\">\n\t\t\t\t\t<div class=\"elementor-column elementor-col-100 elementor-top-column elementor-element elementor-element-50ee35e\" data-id=\"50ee35e\" data-element_type=\"column\">\n\t\t\t<div class=\"elementor-widget-wrap elementor-element-populated\">\n\t\t\t\t\t\t<section class=\"elementor-section elementor-inner-section elementor-element elementor-element-f67438b elementor-reverse-mobile elementor-section-boxed elementor-section-height-default elementor-section-height-default\" data-id=\"f67438b\" data-element_type=\"section\">\n\t\t\t\t\t\t<div class=\"elementor-container elementor-column-gap-no\">\n\t\t\t\t\t<div class=\"elementor-column elementor-col-50 elementor-inner-column elementor-element elementor-element-1005293\" data-id=\"1005293\" data-element_type=\"column\" data-settings=\"{&quot;background_background&quot;:&quot;classic&quot;}\">\n\t\t\t<div class=\"elementor-widget-wrap elementor-element-populated\">\n\t\t\t\t\t\t<div class=\"elementor-element elementor-element-ddfae54 elementor-widget elementor-widget-spacer\" data-id=\"ddfae54\" data-element_type=\"widget\" data-widget_type=\"spacer.default\">\n\t\t\t\t<div class=\"elementor-widget-container\">\n\t\t\t\t\t\t\t<div class=\"elementor-spacer\">\n\t\t\t<div class=\"elementor-spacer-inner\"><\/div>\n\t\t<\/div>\n\t\t\t\t\t\t<\/div>\n\t\t\t\t<\/div>\n\t\t\t\t\t<\/div>\n\t\t<\/div>\n\t\t\t\t<div class=\"elementor-column elementor-col-50 elementor-inner-column elementor-element elementor-element-1ff2d17\" data-id=\"1ff2d17\" data-element_type=\"column\" data-settings=\"{&quot;background_background&quot;:&quot;classic&quot;}\">\n\t\t\t<div class=\"elementor-widget-wrap elementor-element-populated\">\n\t\t\t\t\t\t<div class=\"elementor-element elementor-element-773616e elementor-widget elementor-widget-heading\" data-id=\"773616e\" data-element_type=\"widget\" data-widget_type=\"heading.default\">\n\t\t\t\t<div class=\"elementor-widget-container\">\n\t\t\t\t\t<h2 class=\"elementor-heading-title elementor-size-default\">Anna<\/h2>\t\t\t\t<\/div>\n\t\t\t\t<\/div>\n\t\t\t\t<div class=\"elementor-element elementor-element-723f145 elementor-widget-divider--view-line elementor-widget elementor-widget-divider\" data-id=\"723f145\" data-element_type=\"widget\" data-widget_type=\"divider.default\">\n\t\t\t\t<div class=\"elementor-widget-container\">\n\t\t\t\t\t\t\t<div class=\"elementor-divider\">\n\t\t\t<span class=\"elementor-divider-separator\">\n\t\t\t\t\t\t<\/span>\n\t\t<\/div>\n\t\t\t\t\t\t<\/div>\n\t\t\t\t<\/div>\n\t\t\t\t<div class=\"elementor-element elementor-element-44e7ace elementor-widget elementor-widget-text-editor\" data-id=\"44e7ace\" data-element_type=\"widget\" data-widget_type=\"text-editor.default\">\n\t\t\t\t<div class=\"elementor-widget-container\">\n\t\t\t\t\t\t\t\t\t<p>Propietaria de l&#8217;est\u00e8tica desde fa 22 anys.<\/p>\t\t\t\t\t\t\t\t<\/div>\n\t\t\t\t<\/div>\n\t\t\t\t<div class=\"elementor-element elementor-element-caa8aff elementor-widget elementor-widget-text-editor\" data-id=\"caa8aff\" data-element_type=\"widget\" data-widget_type=\"text-editor.default\">\n\t\t\t\t<div class=\"elementor-widget-container\">\n\t\t\t\t\t\t\t\t\t<p>Beautician and massage therapist.<\/p><p>T\u00e8cnica drenatge limf\u00e0tic<\/p>\t\t\t\t\t\t\t\t<\/div>\n\t\t\t\t<\/div>\n\t\t\t\t\t<\/div>\n\t\t<\/div>\n\t\t\t\t\t<\/div>\n\t\t<\/section>\n\t\t\t\t\t<\/div>\n\t\t<\/div>\n\t\t\t\t\t<\/div>\n\t\t<\/section>\n\t\t\t\t<section class=\"elementor-section elementor-top-section elementor-element elementor-element-1cf96da elementor-section-boxed elementor-section-height-default elementor-section-height-default\" data-id=\"1cf96da\" data-element_type=\"section\">\n\t\t\t\t\t\t<div class=\"elementor-container elementor-column-gap-no\">\n\t\t\t\t\t<div class=\"elementor-column elementor-col-100 elementor-top-column elementor-element elementor-element-4fdd152\" data-id=\"4fdd152\" data-element_type=\"column\">\n\t\t\t<div class=\"elementor-widget-wrap elementor-element-populated\">\n\t\t\t\t\t\t<section class=\"elementor-section elementor-inner-section elementor-element elementor-element-c3cec10 elementor-reverse-mobile elementor-section-boxed elementor-section-height-default elementor-section-height-default\" data-id=\"c3cec10\" data-element_type=\"section\">\n\t\t\t\t\t\t<div class=\"elementor-container elementor-column-gap-no\">\n\t\t\t\t\t<div class=\"elementor-column elementor-col-50 elementor-inner-column elementor-element elementor-element-1a875c7\" data-id=\"1a875c7\" data-element_type=\"column\" data-settings=\"{&quot;background_background&quot;:&quot;classic&quot;}\">\n\t\t\t<div class=\"elementor-widget-wrap elementor-element-populated\">\n\t\t\t\t\t\t<div class=\"elementor-element elementor-element-012f422 elementor-widget elementor-widget-heading\" data-id=\"012f422\" data-element_type=\"widget\" data-widget_type=\"heading.default\">\n\t\t\t\t<div class=\"elementor-widget-container\">\n\t\t\t\t\t<h2 class=\"elementor-heading-title elementor-size-default\">Eva<\/h2>\t\t\t\t<\/div>\n\t\t\t\t<\/div>\n\t\t\t\t<div class=\"elementor-element elementor-element-a048e53 elementor-widget-divider--view-line elementor-widget elementor-widget-divider\" data-id=\"a048e53\" data-element_type=\"widget\" data-widget_type=\"divider.default\">\n\t\t\t\t<div class=\"elementor-widget-container\">\n\t\t\t\t\t\t\t<div class=\"elementor-divider\">\n\t\t\t<span class=\"elementor-divider-separator\">\n\t\t\t\t\t\t<\/span>\n\t\t<\/div>\n\t\t\t\t\t\t<\/div>\n\t\t\t\t<\/div>\n\t\t\t\t<div class=\"elementor-element elementor-element-8affd74 elementor-widget elementor-widget-text-editor\" data-id=\"8affd74\" data-element_type=\"widget\" data-widget_type=\"text-editor.default\">\n\t\t\t\t<div class=\"elementor-widget-container\">\n\t\t\t\t\t\t\t\t\t<p>Photoepilation technique<\/p><p>T\u00e8cnica fotorejoveniment facial<\/p><p>Eliminaci\u00f3 d&#8217;imperfeccions i taques de la pell amb l\u00e0ser Blauman<\/p><p>\u00a0<\/p>\t\t\t\t\t\t\t\t<\/div>\n\t\t\t\t<\/div>\n\t\t\t\t\t<\/div>\n\t\t<\/div>\n\t\t\t\t<div class=\"elementor-column elementor-col-50 elementor-inner-column elementor-element elementor-element-d936a2d\" data-id=\"d936a2d\" data-element_type=\"column\" data-settings=\"{&quot;background_background&quot;:&quot;classic&quot;}\">\n\t\t\t<div class=\"elementor-widget-wrap elementor-element-populated\">\n\t\t\t\t\t\t<div class=\"elementor-element elementor-element-9c061ce elementor-widget elementor-widget-spacer\" data-id=\"9c061ce\" data-element_type=\"widget\" data-widget_type=\"spacer.default\">\n\t\t\t\t<div class=\"elementor-widget-container\">\n\t\t\t\t\t\t\t<div class=\"elementor-spacer\">\n\t\t\t<div class=\"elementor-spacer-inner\"><\/div>\n\t\t<\/div>\n\t\t\t\t\t\t<\/div>\n\t\t\t\t<\/div>\n\t\t\t\t\t<\/div>\n\t\t<\/div>\n\t\t\t\t\t<\/div>\n\t\t<\/section>\n\t\t\t\t\t<\/div>\n\t\t<\/div>\n\t\t\t\t\t<\/div>\n\t\t<\/section>\n\t\t\t\t<section class=\"elementor-section elementor-top-section elementor-element elementor-element-996a0e6 elementor-section-boxed elementor-section-height-default elementor-section-height-default\" data-id=\"996a0e6\" data-element_type=\"section\">\n\t\t\t\t\t\t<div class=\"elementor-container elementor-column-gap-no\">\n\t\t\t\t\t<div class=\"elementor-column elementor-col-100 elementor-top-column elementor-element elementor-element-8d4f114\" data-id=\"8d4f114\" data-element_type=\"column\">\n\t\t\t<div class=\"elementor-widget-wrap elementor-element-populated\">\n\t\t\t\t\t\t<section class=\"elementor-section elementor-inner-section elementor-element elementor-element-a06784f elementor-reverse-mobile elementor-section-boxed elementor-section-height-default elementor-section-height-default\" data-id=\"a06784f\" data-element_type=\"section\">\n\t\t\t\t\t\t<div class=\"elementor-container elementor-column-gap-no\">\n\t\t\t\t\t<div class=\"elementor-column elementor-col-50 elementor-inner-column elementor-element elementor-element-a73a833\" data-id=\"a73a833\" data-element_type=\"column\" data-settings=\"{&quot;background_background&quot;:&quot;classic&quot;}\">\n\t\t\t<div class=\"elementor-widget-wrap elementor-element-populated\">\n\t\t\t\t\t\t<div class=\"elementor-element elementor-element-41f2970 elementor-widget elementor-widget-spacer\" data-id=\"41f2970\" data-element_type=\"widget\" data-widget_type=\"spacer.default\">\n\t\t\t\t<div class=\"elementor-widget-container\">\n\t\t\t\t\t\t\t<div class=\"elementor-spacer\">\n\t\t\t<div class=\"elementor-spacer-inner\"><\/div>\n\t\t<\/div>\n\t\t\t\t\t\t<\/div>\n\t\t\t\t<\/div>\n\t\t\t\t\t<\/div>\n\t\t<\/div>\n\t\t\t\t<div class=\"elementor-column elementor-col-50 elementor-inner-column elementor-element elementor-element-ac4aab2\" data-id=\"ac4aab2\" data-element_type=\"column\" data-settings=\"{&quot;background_background&quot;:&quot;classic&quot;}\">\n\t\t\t<div class=\"elementor-widget-wrap elementor-element-populated\">\n\t\t\t\t\t\t<div class=\"elementor-element elementor-element-88cf75a elementor-widget elementor-widget-heading\" data-id=\"88cf75a\" data-element_type=\"widget\" data-widget_type=\"heading.default\">\n\t\t\t\t<div class=\"elementor-widget-container\">\n\t\t\t\t\t<h2 class=\"elementor-heading-title elementor-size-default\">Sarah<\/h2>\t\t\t\t<\/div>\n\t\t\t\t<\/div>\n\t\t\t\t<div class=\"elementor-element elementor-element-ebed3dc elementor-widget-divider--view-line elementor-widget elementor-widget-divider\" data-id=\"ebed3dc\" data-element_type=\"widget\" data-widget_type=\"divider.default\">\n\t\t\t\t<div class=\"elementor-widget-container\">\n\t\t\t\t\t\t\t<div class=\"elementor-divider\">\n\t\t\t<span class=\"elementor-divider-separator\">\n\t\t\t\t\t\t<\/span>\n\t\t<\/div>\n\t\t\t\t\t\t<\/div>\n\t\t\t\t<\/div>\n\t\t\t\t<div class=\"elementor-element elementor-element-75599d5 elementor-widget elementor-widget-text-editor\" data-id=\"75599d5\" data-element_type=\"widget\" data-widget_type=\"text-editor.default\">\n\t\t\t\t<div class=\"elementor-widget-container\">\n\t\t\t\t\t\t\t\t\t<p>Natur\u00f2pata<\/p><p>Coach emocional<\/p><p>Flors de bach<\/p><p>Barres access<\/p><p>Reiki<\/p><p>Auriculoterapia<\/p><p>\u00a0<\/p>\t\t\t\t\t\t\t\t<\/div>\n\t\t\t\t<\/div>\n\t\t\t\t\t<\/div>\n\t\t<\/div>\n\t\t\t\t\t<\/div>\n\t\t<\/section>\n\t\t\t\t\t<\/div>\n\t\t<\/div>\n\t\t\t\t\t<\/div>\n\t\t<\/section>\n\t\t\t\t<\/div>","protected":false},"excerpt":{"rendered":"<p>Est\u00e8tica thermal Equip professional Us presentem els integrants de tot l&#8217;equip de professionals Anna Propietaria de l&#8217;est\u00e8tica desde fa 22 anys. Esteticient i quiromassatgista. T\u00e8cnica drenatge limf\u00e0tic Eva T\u00e8cnica en fotodepilaci\u00f3 T\u00e8cnica fotorejoveniment facial Eliminaci\u00f3 d&#8217;imperfeccions i taques de la pell amb l\u00e0ser Blauman \u00a0 Sara Natur\u00f2pata Coach emocional Flors de bach Barres access Reiki [&hellip;]<\/p>","protected":false},"author":1,"featured_media":0,"parent":0,"menu_order":0,"comment_status":"closed","ping_status":"closed","template":"","meta":{"site-sidebar-layout":"no-sidebar","site-content-layout":"page-builder","ast-site-content-layout":"default","site-content-style":"default","site-sidebar-style":"default","ast-global-header-display":"","ast-banner-title-visibility":"","ast-main-header-display":"","ast-hfb-above-header-display":"","ast-hfb-below-header-display":"","ast-hfb-mobile-header-display":"","site-post-title":"disabled","ast-breadcrumbs-content":"","ast-featured-img":"disabled","footer-sml-layout":"","ast-disable-related-posts":"","theme-transparent-header-meta":"enabled","adv-header-id-meta":"","stick-header-meta":"","header-above-stick-meta":"","header-main-stick-meta":"","header-below-stick-meta":"","astra-migrate-meta-layouts":"default","ast-page-background-enabled":"default","ast-page-background-meta":{"desktop":{"background-color":"var(--ast-global-color-4)","background-image":"","background-repeat":"repeat","background-position":"center center","background-size":"auto","background-attachment":"scroll","background-type":"","background-media":"","overlay-type":"","overlay-color":"","overlay-opacity":"","overlay-gradient":""},"tablet":{"background-color":"","background-image":"","background-repeat":"repeat","background-position":"center center","background-size":"auto","background-attachment":"scroll","background-type":"","background-media":"","overlay-type":"","overlay-color":"","overlay-opacity":"","overlay-gradient":""},"mobile":{"background-color":"","background-image":"","background-repeat":"repeat","background-position":"center center","background-size":"auto","background-attachment":"scroll","background-type":"","background-media":"","overlay-type":"","overlay-color":"","overlay-opacity":"","overlay-gradient":""}},"ast-content-background-meta":{"desktop":{"background-color":"var(--ast-global-color-5)","background-image":"","background-repeat":"repeat","background-position":"center center","background-size":"auto","background-attachment":"scroll","background-type":"","background-media":"","overlay-type":"","overlay-color":"","overlay-opacity":"","overlay-gradient":""},"tablet":{"background-color":"var(--ast-global-color-5)","background-image":"","background-repeat":"repeat","background-position":"center center","background-size":"auto","background-attachment":"scroll","background-type":"","background-media":"","overlay-type":"","overlay-color":"","overlay-opacity":"","overlay-gradient":""},"mobile":{"background-color":"var(--ast-global-color-5)","background-image":"","background-repeat":"repeat","background-position":"center center","background-size":"auto","background-attachment":"scroll","background-type":"","background-media":"","overlay-type":"","overlay-color":"","overlay-opacity":"","overlay-gradient":""}},"footnotes":""},"class_list":["post-772","page","type-page","status-publish","hentry"],"yoast_head":"<!-- This site is optimized with the Yoast SEO plugin v26.6 - https:\/\/yoast.com\/wordpress\/plugins\/seo\/ -->\n<title>Equip pofessional - Thermal Centre d&#039;est\u00e8tica home i dona<\/title>\n<meta name=\"robots\" content=\"index, follow, max-snippet:-1, max-image-preview:large, max-video-preview:-1\" \/>\n<link rel=\"canonical\" href=\"https:\/\/esteticathermal.cat\/en\/professional-team\/\" \/>\n<meta property=\"og:locale\" content=\"en_US\" \/>\n<meta property=\"og:type\" content=\"article\" \/>\n<meta property=\"og:title\" content=\"Equip pofessional - Thermal Centre d&#039;est\u00e8tica home i dona\" \/>\n<meta property=\"og:description\" content=\"Est\u00e8tica thermal Equip professional Us presentem els integrants de tot l&#8217;equip de professionals Anna Propietaria de l&#8217;est\u00e8tica desde fa 22 anys. Esteticient i quiromassatgista. T\u00e8cnica drenatge limf\u00e0tic Eva T\u00e8cnica en fotodepilaci\u00f3 T\u00e8cnica fotorejoveniment facial Eliminaci\u00f3 d&#8217;imperfeccions i taques de la pell amb l\u00e0ser Blauman \u00a0 Sara Natur\u00f2pata Coach emocional Flors de bach Barres access Reiki [&hellip;]\" \/>\n<meta property=\"og:url\" content=\"https:\/\/esteticathermal.cat\/en\/professional-team\/\" \/>\n<meta property=\"og:site_name\" content=\"Thermal Centre d&#039;est\u00e8tica home i dona\" \/>\n<meta property=\"article:publisher\" content=\"https:\/\/www.facebook.com\/people\/Estetica-Thermal\/\" \/>\n<meta property=\"article:modified_time\" content=\"2024-07-26T16:22:08+00:00\" \/>\n<meta name=\"twitter:card\" content=\"summary_large_image\" \/>\n<meta name=\"twitter:label1\" content=\"Est. reading time\" \/>\n\t<meta name=\"twitter:data1\" content=\"1 minute\" \/>\n<script type=\"application\/ld+json\" class=\"yoast-schema-graph\">{\"@context\":\"https:\/\/schema.org\",\"@graph\":[{\"@type\":\"WebPage\",\"@id\":\"https:\/\/esteticathermal.cat\/equip-pofessional\/\",\"url\":\"https:\/\/esteticathermal.cat\/equip-pofessional\/\",\"name\":\"Equip pofessional - Thermal Centre d&#039;est\u00e8tica home i dona\",\"isPartOf\":{\"@id\":\"https:\/\/esteticathermal.cat\/#website\"},\"datePublished\":\"2022-08-03T13:41:50+00:00\",\"dateModified\":\"2024-07-26T16:22:08+00:00\",\"breadcrumb\":{\"@id\":\"https:\/\/esteticathermal.cat\/equip-pofessional\/#breadcrumb\"},\"inLanguage\":\"en-US\",\"potentialAction\":[{\"@type\":\"ReadAction\",\"target\":[\"https:\/\/esteticathermal.cat\/equip-pofessional\/\"]}]},{\"@type\":\"BreadcrumbList\",\"@id\":\"https:\/\/esteticathermal.cat\/equip-pofessional\/#breadcrumb\",\"itemListElement\":[{\"@type\":\"ListItem\",\"position\":1,\"name\":\"Inici\",\"item\":\"https:\/\/esteticathermal.cat\/\"},{\"@type\":\"ListItem\",\"position\":2,\"name\":\"Equip pofessional\"}]},{\"@type\":\"WebSite\",\"@id\":\"https:\/\/esteticathermal.cat\/#website\",\"url\":\"https:\/\/esteticathermal.cat\/\",\"name\":\"Thermal Centre d&#039;est\u00e8tica home i dona\",\"description\":\"Centre d&#039;est\u00e8tica home i dona\",\"publisher\":{\"@id\":\"https:\/\/esteticathermal.cat\/#organization\"},\"potentialAction\":[{\"@type\":\"SearchAction\",\"target\":{\"@type\":\"EntryPoint\",\"urlTemplate\":\"https:\/\/esteticathermal.cat\/?s={search_term_string}\"},\"query-input\":{\"@type\":\"PropertyValueSpecification\",\"valueRequired\":true,\"valueName\":\"search_term_string\"}}],\"inLanguage\":\"en-US\"},{\"@type\":\"Organization\",\"@id\":\"https:\/\/esteticathermal.cat\/#organization\",\"name\":\"Est\u00e8tica Thermal\",\"url\":\"https:\/\/esteticathermal.cat\/\",\"logo\":{\"@type\":\"ImageObject\",\"inLanguage\":\"en-US\",\"@id\":\"https:\/\/esteticathermal.cat\/#\/schema\/logo\/image\/\",\"url\":\"https:\/\/esteticathermal.cat\/wp-content\/uploads\/2023\/03\/logo.jpg\",\"contentUrl\":\"https:\/\/esteticathermal.cat\/wp-content\/uploads\/2023\/03\/logo.jpg\",\"width\":180,\"height\":108,\"caption\":\"Est\u00e8tica Thermal\"},\"image\":{\"@id\":\"https:\/\/esteticathermal.cat\/#\/schema\/logo\/image\/\"},\"sameAs\":[\"https:\/\/www.facebook.com\/people\/Estetica-Thermal\/\",\"https:\/\/www.instagram.com\/esteticathermal\/\"]}]}<\/script>\n<!-- \/ Yoast SEO plugin. -->","yoast_head_json":{"title":"Equip pofessional - Thermal Centre d&#039;est\u00e8tica home i dona","robots":{"index":"index","follow":"follow","max-snippet":"max-snippet:-1","max-image-preview":"max-image-preview:large","max-video-preview":"max-video-preview:-1"},"canonical":"https:\/\/esteticathermal.cat\/en\/professional-team\/","og_locale":"en_US","og_type":"article","og_title":"Equip pofessional - Thermal Centre d&#039;est\u00e8tica home i dona","og_description":"Est\u00e8tica thermal Equip professional Us presentem els integrants de tot l&#8217;equip de professionals Anna Propietaria de l&#8217;est\u00e8tica desde fa 22 anys. Esteticient i quiromassatgista. T\u00e8cnica drenatge limf\u00e0tic Eva T\u00e8cnica en fotodepilaci\u00f3 T\u00e8cnica fotorejoveniment facial Eliminaci\u00f3 d&#8217;imperfeccions i taques de la pell amb l\u00e0ser Blauman \u00a0 Sara Natur\u00f2pata Coach emocional Flors de bach Barres access Reiki [&hellip;]","og_url":"https:\/\/esteticathermal.cat\/en\/professional-team\/","og_site_name":"Thermal Centre d&#039;est\u00e8tica home i dona","article_publisher":"https:\/\/www.facebook.com\/people\/Estetica-Thermal\/","article_modified_time":"2024-07-26T16:22:08+00:00","twitter_card":"summary_large_image","twitter_misc":{"Est. reading time":"1 minute"},"schema":{"@context":"https:\/\/schema.org","@graph":[{"@type":"WebPage","@id":"https:\/\/esteticathermal.cat\/equip-pofessional\/","url":"https:\/\/esteticathermal.cat\/equip-pofessional\/","name":"Equip pofessional - Thermal Centre d&#039;est\u00e8tica home i dona","isPartOf":{"@id":"https:\/\/esteticathermal.cat\/#website"},"datePublished":"2022-08-03T13:41:50+00:00","dateModified":"2024-07-26T16:22:08+00:00","breadcrumb":{"@id":"https:\/\/esteticathermal.cat\/equip-pofessional\/#breadcrumb"},"inLanguage":"en-US","potentialAction":[{"@type":"ReadAction","target":["https:\/\/esteticathermal.cat\/equip-pofessional\/"]}]},{"@type":"BreadcrumbList","@id":"https:\/\/esteticathermal.cat\/equip-pofessional\/#breadcrumb","itemListElement":[{"@type":"ListItem","position":1,"name":"Inici","item":"https:\/\/esteticathermal.cat\/"},{"@type":"ListItem","position":2,"name":"Equip pofessional"}]},{"@type":"WebSite","@id":"https:\/\/esteticathermal.cat\/#website","url":"https:\/\/esteticathermal.cat\/","name":"Thermal Centre d&#039;est\u00e8tica home i dona","description":"Centre d&#039;est\u00e8tica home i dona","publisher":{"@id":"https:\/\/esteticathermal.cat\/#organization"},"potentialAction":[{"@type":"SearchAction","target":{"@type":"EntryPoint","urlTemplate":"https:\/\/esteticathermal.cat\/?s={search_term_string}"},"query-input":{"@type":"PropertyValueSpecification","valueRequired":true,"valueName":"search_term_string"}}],"inLanguage":"en-US"},{"@type":"Organization","@id":"https:\/\/esteticathermal.cat\/#organization","name":"Thermal aesthetics","url":"https:\/\/esteticathermal.cat\/","logo":{"@type":"ImageObject","inLanguage":"en-US","@id":"https:\/\/esteticathermal.cat\/#\/schema\/logo\/image\/","url":"https:\/\/esteticathermal.cat\/wp-content\/uploads\/2023\/03\/logo.jpg","contentUrl":"https:\/\/esteticathermal.cat\/wp-content\/uploads\/2023\/03\/logo.jpg","width":180,"height":108,"caption":"Est\u00e8tica Thermal"},"image":{"@id":"https:\/\/esteticathermal.cat\/#\/schema\/logo\/image\/"},"sameAs":["https:\/\/www.facebook.com\/people\/Estetica-Thermal\/","https:\/\/www.instagram.com\/esteticathermal\/"]}]}},"_links":{"self":[{"href":"https:\/\/esteticathermal.cat\/en\/wp-json\/wp\/v2\/pages\/772","targetHints":{"allow":["GET"]}}],"collection":[{"href":"https:\/\/esteticathermal.cat\/en\/wp-json\/wp\/v2\/pages"}],"about":[{"href":"https:\/\/esteticathermal.cat\/en\/wp-json\/wp\/v2\/types\/page"}],"author":[{"embeddable":true,"href":"https:\/\/esteticathermal.cat\/en\/wp-json\/wp\/v2\/users\/1"}],"replies":[{"embeddable":true,"href":"https:\/\/esteticathermal.cat\/en\/wp-json\/wp\/v2\/comments?post=772"}],"version-history":[{"count":51,"href":"https:\/\/esteticathermal.cat\/en\/wp-json\/wp\/v2\/pages\/772\/revisions"}],"predecessor-version":[{"id":1197,"href":"https:\/\/esteticathermal.cat\/en\/wp-json\/wp\/v2\/pages\/772\/revisions\/1197"}],"wp:attachment":[{"href":"https:\/\/esteticathermal.cat\/en\/wp-json\/wp\/v2\/media?parent=772"}],"curies":[{"name":"wp","href":"https:\/\/api.w.org\/{rel}","templated":true}]}}