{"id":1062,"date":"2023-05-18T10:59:50","date_gmt":"2023-05-18T10:59:50","guid":{"rendered":"https:\/\/esteticathermal.cat\/avis-dexempcio-de-responsabilitat\/"},"modified":"2023-06-07T08:29:36","modified_gmt":"2023-06-07T08:29:36","slug":"avis-dexempcio-de-responsabilitat","status":"publish","type":"page","link":"https:\/\/esteticathermal.cat\/es\/avis-dexempcio-de-responsabilidad\/","title":{"rendered":"Aviso de exenci\u00f3n de responsabilidad"},"content":{"rendered":"<!-- Legal document generated by Complianz | GDPR\/CCPA Cookie Consent https:\/\/wordpress.org\/plugins\/complianz-gdpr -->\n<div id=\"cmplz-document\" class=\"cmplz-document disclaimer cmplz-document-all\"><p>Anna LLenas Torrent is committed to keeping this website up to date and accurate. Should you nevertheless encounter anything that is incorrect or out of date, we would appreciate it if you could let us know. Please indicate where on the website you read the information. We will then look at this as soon as possible. Please send your response by email to: &#105;nf&#111;&#064;&#101;&#115;&#116;et&#105;cat&#104;er&#109;al&#046;ca&#116;.<\/p><p>We are not liable for loss as a result of inaccuracies or incompleteness, nor for loss resulting from problems caused by or inherent to the dissemination of information through the internet, such as disruptions or interruptions. When using web forms, we strive to limit the number of required fields to a minimum. For any loss suffered as a result of the use of data, advice or ideas provided by or on behalf of Anna LLenas Torrent via this website, Anna LLenas Torrent accepts no liability.<\/p><p>Any personal data you provide us with in the context of your response or request for information will only be used in accordance with our privacy statement.<\/p><p>All intellectual property rights to content on this website are vested in Anna LLenas Torrent.<\/p><p>Copying, disseminating and any other use of these materials is not permitted without the written permission of Anna LLenas Torrent, except and only insofar as otherwise stipulated in regulations of mandatory law (such as the right to quote), unless specific content dictates otherwise.<\/p><p>If you have any questions or problems with the accessibility of the website, please do not hesitate to contact us.<\/p><\/div>","protected":false},"excerpt":{"rendered":"","protected":false},"author":1,"featured_media":0,"parent":0,"menu_order":0,"comment_status":"closed","ping_status":"closed","template":"","meta":{"site-sidebar-layout":"default","site-content-layout":"","ast-site-content-layout":"default","site-content-style":"default","site-sidebar-style":"default","ast-global-header-display":"","ast-banner-title-visibility":"","ast-main-header-display":"","ast-hfb-above-header-display":"","ast-hfb-below-header-display":"","ast-hfb-mobile-header-display":"","site-post-title":"","ast-breadcrumbs-content":"","ast-featured-img":"","footer-sml-layout":"","ast-disable-related-posts":"","theme-transparent-header-meta":"","adv-header-id-meta":"","stick-header-meta":"","header-above-stick-meta":"","header-main-stick-meta":"","header-below-stick-meta":"","astra-migrate-meta-layouts":"default","ast-page-background-enabled":"default","ast-page-background-meta":{"desktop":{"background-color":"var(--ast-global-color-4)","background-image":"","background-repeat":"repeat","background-position":"center center","background-size":"auto","background-attachment":"scroll","background-type":"","background-media":"","overlay-type":"","overlay-color":"","overlay-opacity":"","overlay-gradient":""},"tablet":{"background-color":"","background-image":"","background-repeat":"repeat","background-position":"center center","background-size":"auto","background-attachment":"scroll","background-type":"","background-media":"","overlay-type":"","overlay-color":"","overlay-opacity":"","overlay-gradient":""},"mobile":{"background-color":"","background-image":"","background-repeat":"repeat","background-position":"center center","background-size":"auto","background-attachment":"scroll","background-type":"","background-media":"","overlay-type":"","overlay-color":"","overlay-opacity":"","overlay-gradient":""}},"ast-content-background-meta":{"desktop":{"background-color":"var(--ast-global-color-5)","background-image":"","background-repeat":"repeat","background-position":"center center","background-size":"auto","background-attachment":"scroll","background-type":"","background-media":"","overlay-type":"","overlay-color":"","overlay-opacity":"","overlay-gradient":""},"tablet":{"background-color":"var(--ast-global-color-5)","background-image":"","background-repeat":"repeat","background-position":"center center","background-size":"auto","background-attachment":"scroll","background-type":"","background-media":"","overlay-type":"","overlay-color":"","overlay-opacity":"","overlay-gradient":""},"mobile":{"background-color":"var(--ast-global-color-5)","background-image":"","background-repeat":"repeat","background-position":"center center","background-size":"auto","background-attachment":"scroll","background-type":"","background-media":"","overlay-type":"","overlay-color":"","overlay-opacity":"","overlay-gradient":""}},"footnotes":""},"class_list":["post-1062","page","type-page","status-publish","hentry"],"yoast_head":"<!-- This site is optimized with the Yoast SEO plugin v26.6 - https:\/\/yoast.com\/wordpress\/plugins\/seo\/ -->\n<title>Av\u00eds d&#039;exempci\u00f3 de responsabilitat - Thermal Centre d&#039;est\u00e8tica home i dona<\/title>\n<meta name=\"robots\" content=\"index, follow, max-snippet:-1, max-image-preview:large, max-video-preview:-1\" \/>\n<link rel=\"canonical\" href=\"https:\/\/esteticathermal.cat\/es\/avis-dexempcio-de-responsabilidad\/\" \/>\n<meta property=\"og:locale\" content=\"es_ES\" \/>\n<meta property=\"og:type\" content=\"article\" \/>\n<meta property=\"og:title\" content=\"Av\u00eds d&#039;exempci\u00f3 de responsabilitat - Thermal Centre d&#039;est\u00e8tica home i dona\" \/>\n<meta property=\"og:url\" content=\"https:\/\/esteticathermal.cat\/es\/avis-dexempcio-de-responsabilidad\/\" \/>\n<meta property=\"og:site_name\" content=\"Thermal Centre d&#039;est\u00e8tica home i dona\" \/>\n<meta property=\"article:publisher\" content=\"https:\/\/www.facebook.com\/people\/Estetica-Thermal\/\" \/>\n<meta property=\"article:modified_time\" content=\"2023-06-07T08:29:36+00:00\" \/>\n<meta name=\"twitter:card\" content=\"summary_large_image\" \/>\n<script type=\"application\/ld+json\" class=\"yoast-schema-graph\">{\"@context\":\"https:\/\/schema.org\",\"@graph\":[{\"@type\":\"WebPage\",\"@id\":\"https:\/\/esteticathermal.cat\/avis-dexempcio-de-responsabilitat\/\",\"url\":\"https:\/\/esteticathermal.cat\/avis-dexempcio-de-responsabilitat\/\",\"name\":\"Av\u00eds d'exempci\u00f3 de responsabilitat - Thermal Centre d&#039;est\u00e8tica home i dona\",\"isPartOf\":{\"@id\":\"https:\/\/esteticathermal.cat\/#website\"},\"datePublished\":\"2023-05-18T10:59:50+00:00\",\"dateModified\":\"2023-06-07T08:29:36+00:00\",\"breadcrumb\":{\"@id\":\"https:\/\/esteticathermal.cat\/avis-dexempcio-de-responsabilitat\/#breadcrumb\"},\"inLanguage\":\"es\",\"potentialAction\":[{\"@type\":\"ReadAction\",\"target\":[\"https:\/\/esteticathermal.cat\/avis-dexempcio-de-responsabilitat\/\"]}]},{\"@type\":\"BreadcrumbList\",\"@id\":\"https:\/\/esteticathermal.cat\/avis-dexempcio-de-responsabilitat\/#breadcrumb\",\"itemListElement\":[{\"@type\":\"ListItem\",\"position\":1,\"name\":\"Inici\",\"item\":\"https:\/\/esteticathermal.cat\/\"},{\"@type\":\"ListItem\",\"position\":2,\"name\":\"Av\u00eds d&#8217;exempci\u00f3 de responsabilitat\"}]},{\"@type\":\"WebSite\",\"@id\":\"https:\/\/esteticathermal.cat\/#website\",\"url\":\"https:\/\/esteticathermal.cat\/\",\"name\":\"Thermal Centre d&#039;est\u00e8tica home i dona\",\"description\":\"Centre d&#039;est\u00e8tica home i dona\",\"publisher\":{\"@id\":\"https:\/\/esteticathermal.cat\/#organization\"},\"potentialAction\":[{\"@type\":\"SearchAction\",\"target\":{\"@type\":\"EntryPoint\",\"urlTemplate\":\"https:\/\/esteticathermal.cat\/?s={search_term_string}\"},\"query-input\":{\"@type\":\"PropertyValueSpecification\",\"valueRequired\":true,\"valueName\":\"search_term_string\"}}],\"inLanguage\":\"es\"},{\"@type\":\"Organization\",\"@id\":\"https:\/\/esteticathermal.cat\/#organization\",\"name\":\"Est\u00e8tica Thermal\",\"url\":\"https:\/\/esteticathermal.cat\/\",\"logo\":{\"@type\":\"ImageObject\",\"inLanguage\":\"es\",\"@id\":\"https:\/\/esteticathermal.cat\/#\/schema\/logo\/image\/\",\"url\":\"https:\/\/esteticathermal.cat\/wp-content\/uploads\/2023\/03\/logo.jpg\",\"contentUrl\":\"https:\/\/esteticathermal.cat\/wp-content\/uploads\/2023\/03\/logo.jpg\",\"width\":180,\"height\":108,\"caption\":\"Est\u00e8tica Thermal\"},\"image\":{\"@id\":\"https:\/\/esteticathermal.cat\/#\/schema\/logo\/image\/\"},\"sameAs\":[\"https:\/\/www.facebook.com\/people\/Estetica-Thermal\/\",\"https:\/\/www.instagram.com\/esteticathermal\/\"]}]}<\/script>\n<!-- \/ Yoast SEO plugin. -->","yoast_head_json":{"title":"Av\u00eds d'exempci\u00f3 de responsabilitat - Thermal Centre d&#039;est\u00e8tica home i dona","robots":{"index":"index","follow":"follow","max-snippet":"max-snippet:-1","max-image-preview":"max-image-preview:large","max-video-preview":"max-video-preview:-1"},"canonical":"https:\/\/esteticathermal.cat\/es\/avis-dexempcio-de-responsabilidad\/","og_locale":"es_ES","og_type":"article","og_title":"Av\u00eds d'exempci\u00f3 de responsabilitat - Thermal Centre d&#039;est\u00e8tica home i dona","og_url":"https:\/\/esteticathermal.cat\/es\/avis-dexempcio-de-responsabilidad\/","og_site_name":"Thermal Centre d&#039;est\u00e8tica home i dona","article_publisher":"https:\/\/www.facebook.com\/people\/Estetica-Thermal\/","article_modified_time":"2023-06-07T08:29:36+00:00","twitter_card":"summary_large_image","schema":{"@context":"https:\/\/schema.org","@graph":[{"@type":"WebPage","@id":"https:\/\/esteticathermal.cat\/avis-dexempcio-de-responsabilitat\/","url":"https:\/\/esteticathermal.cat\/avis-dexempcio-de-responsabilitat\/","name":"Av\u00eds d'exempci\u00f3 de responsabilitat - Thermal Centre d&#039;est\u00e8tica home i dona","isPartOf":{"@id":"https:\/\/esteticathermal.cat\/#website"},"datePublished":"2023-05-18T10:59:50+00:00","dateModified":"2023-06-07T08:29:36+00:00","breadcrumb":{"@id":"https:\/\/esteticathermal.cat\/avis-dexempcio-de-responsabilitat\/#breadcrumb"},"inLanguage":"es","potentialAction":[{"@type":"ReadAction","target":["https:\/\/esteticathermal.cat\/avis-dexempcio-de-responsabilitat\/"]}]},{"@type":"BreadcrumbList","@id":"https:\/\/esteticathermal.cat\/avis-dexempcio-de-responsabilitat\/#breadcrumb","itemListElement":[{"@type":"ListItem","position":1,"name":"Inici","item":"https:\/\/esteticathermal.cat\/"},{"@type":"ListItem","position":2,"name":"Av\u00eds d&#8217;exempci\u00f3 de responsabilitat"}]},{"@type":"WebSite","@id":"https:\/\/esteticathermal.cat\/#website","url":"https:\/\/esteticathermal.cat\/","name":"Thermal Centre d&#039;est\u00e8tica home i dona","description":"Centre d&#039;est\u00e8tica home i dona","publisher":{"@id":"https:\/\/esteticathermal.cat\/#organization"},"potentialAction":[{"@type":"SearchAction","target":{"@type":"EntryPoint","urlTemplate":"https:\/\/esteticathermal.cat\/?s={search_term_string}"},"query-input":{"@type":"PropertyValueSpecification","valueRequired":true,"valueName":"search_term_string"}}],"inLanguage":"es"},{"@type":"Organization","@id":"https:\/\/esteticathermal.cat\/#organization","name":"Est\u00e9tica Thermal","url":"https:\/\/esteticathermal.cat\/","logo":{"@type":"ImageObject","inLanguage":"es","@id":"https:\/\/esteticathermal.cat\/#\/schema\/logo\/image\/","url":"https:\/\/esteticathermal.cat\/wp-content\/uploads\/2023\/03\/logo.jpg","contentUrl":"https:\/\/esteticathermal.cat\/wp-content\/uploads\/2023\/03\/logo.jpg","width":180,"height":108,"caption":"Est\u00e8tica Thermal"},"image":{"@id":"https:\/\/esteticathermal.cat\/#\/schema\/logo\/image\/"},"sameAs":["https:\/\/www.facebook.com\/people\/Estetica-Thermal\/","https:\/\/www.instagram.com\/esteticathermal\/"]}]}},"_links":{"self":[{"href":"https:\/\/esteticathermal.cat\/es\/wp-json\/wp\/v2\/pages\/1062","targetHints":{"allow":["GET"]}}],"collection":[{"href":"https:\/\/esteticathermal.cat\/es\/wp-json\/wp\/v2\/pages"}],"about":[{"href":"https:\/\/esteticathermal.cat\/es\/wp-json\/wp\/v2\/types\/page"}],"author":[{"embeddable":true,"href":"https:\/\/esteticathermal.cat\/es\/wp-json\/wp\/v2\/users\/1"}],"replies":[{"embeddable":true,"href":"https:\/\/esteticathermal.cat\/es\/wp-json\/wp\/v2\/comments?post=1062"}],"version-history":[{"count":1,"href":"https:\/\/esteticathermal.cat\/es\/wp-json\/wp\/v2\/pages\/1062\/revisions"}],"predecessor-version":[{"id":1092,"href":"https:\/\/esteticathermal.cat\/es\/wp-json\/wp\/v2\/pages\/1062\/revisions\/1092"}],"wp:attachment":[{"href":"https:\/\/esteticathermal.cat\/es\/wp-json\/wp\/v2\/media?parent=1062"}],"curies":[{"name":"wp","href":"https:\/\/api.w.org\/{rel}","templated":true}]}}