{"id":1091,"date":"2023-06-07T08:29:36","date_gmt":"2023-06-07T08:29:36","guid":{"rendered":"https:\/\/esteticathermal.cat\/avis-legal\/"},"modified":"2023-06-07T08:44:33","modified_gmt":"2023-06-07T08:44:33","slug":"avis-legal","status":"publish","type":"page","link":"https:\/\/esteticathermal.cat\/es\/aviso-legal\/","title":{"rendered":"Aviso Legal"},"content":{"rendered":"<div data-elementor-type=\"wp-page\" data-elementor-id=\"1091\" class=\"elementor elementor-1091\" data-elementor-post-type=\"page\">\n\t\t\t\t\t\t<section class=\"elementor-section elementor-top-section elementor-element elementor-element-246d9e96 elementor-section-boxed elementor-section-height-default elementor-section-height-default\" data-id=\"246d9e96\" data-element_type=\"section\">\n\t\t\t\t\t\t<div class=\"elementor-container elementor-column-gap-default\">\n\t\t\t\t\t<div class=\"elementor-column elementor-col-100 elementor-top-column elementor-element elementor-element-7bb368\" data-id=\"7bb368\" data-element_type=\"column\">\n\t\t\t<div class=\"elementor-widget-wrap\">\n\t\t\t\t\t\t\t<\/div>\n\t\t<\/div>\n\t\t\t\t\t<\/div>\n\t\t<\/section>\n\t\t<div class=\"elementor-element elementor-element-88abc72 e-flex e-con-boxed e-con e-parent\" data-id=\"88abc72\" data-element_type=\"container\">\n\t\t\t\t\t<div class=\"e-con-inner\">\n\t\t\t\t<div class=\"elementor-element elementor-element-0de8fb9 elementor-widget elementor-widget-text-editor\" data-id=\"0de8fb9\" data-element_type=\"widget\" data-widget_type=\"text-editor.default\">\n\t\t\t\t<div class=\"elementor-widget-container\">\n\t\t\t\t\t\t\t\t\t<div id=\"primary\" class=\"content-area primary\"><h2><span>Datos del Responsable<\/span><\/h2><ul><li><strong><span>Identidad del Responsable:<\/span><\/strong><span> Anna Llenas Torrent<br \/><\/span><\/li><li><strong><span>Nombre comercial:<\/span><\/strong><span> Est\u00e9tica Thermal<br \/><\/span><\/li><li><strong><span><span class=\"\">Direcci\u00f3n:<\/span><\/span><\/strong><span><span class=\"\"> Ram\u00f3n cabrera 5<br \/><\/span><\/span><\/li><li><strong><span>Correo electr\u00f3nico:<\/span><\/strong><span> info@esteticathermal.cat<\/span><\/li><\/ul><p>En este espacio, el usuario podr\u00e1 encontrar toda la informaci\u00f3n relativa a los t\u00e9rminos y condiciones legales que definen las relaciones entre los usuarios y el responsable, en adelante el Sitio web. Como usuario, es importante que conozcas estos t\u00e9rminos antes de continuar tu navegaci\u00f3n.<\/p><main id=\"main\" class=\"site-main\"><article id=\"post-3718\" class=\"post-3718 page type-page status-publish ast-article-single\"><div class=\"entry-content clear\"><p>El Sitio Web como responsable, asume el compromiso de procesar la informaci\u00f3n de mis usuarios y clientes con plenas garant\u00edas y cumplir con los requisitos nacionales y europeos que regulan la recopilaci\u00f3n y uso de los datos personales de los usuarios.<\/p><p>Esta web, por tanto, cumple rigurosamente la Ley org\u00e1nica 15\/1999, de 13 de diciembre, de protecci\u00f3n de datos de car\u00e1cter personal (LOPD), y el Real decreto 1720\/2007, de 21 de diciembre, conocido como el Reglamento de desarrollo de la LOPD. Cumple tambi\u00e9n con el Reglamento (UE) 2016\/679 del Parlamento Europeo y del Consejo de 27 de abril de 2016 relativo a la protecci\u00f3n de las personas f\u00edsicas (RGPD), as\u00ed como con la Ley 34\/2002, de 11 de julio , de Servicios de la Sociedad de la Informaci\u00f3n y Comercio Electr\u00f3nico (LSSICE o LSSI).<\/p><h2>\u00a0<\/h2><h2>Condiciones generales de uso<\/h2><p>Estas Condiciones Generales regulan el uso (incluido el mero acceso) de las p\u00e1ginas de web, integrantes del Sitio web incluidos los contenidos y servicios puestos a disposici\u00f3n en ellas.<\/p><p>Toda persona que acceda a esta web, acepta someterse a las Condiciones Generales vigentes en cada momento del portal.<\/p><h2>\u00a0<\/h2><h2>Datos personales que recoge y c\u00f3mo lo hago<\/h2><p>Leer <a href=\"https:\/\/esteticathermal1698.live-website.com\/politica-de-privacitat\/\">Pol\u00edtica de Privacidad <\/a>.<\/p><h2>\u00a0<\/h2><h2>Compromisos y obligaciones de los usuarios<\/h2><p>El usuario queda informado, y acepta, que el acceso a la presente web no supone, en modo alguno, el inicio de una relaci\u00f3n comercial con el Sitio web. De esta forma, el usuario se compromete a utilizar el sitio web, los servicios y los contenidos sin contravenir la legislaci\u00f3n vigente, la buena fe y el orden p\u00fablico.<\/p><p>Queda prohibido el uso de la web, con fines il\u00edcitos o lesivos, o que, de cualquier forma, puedan causar perjuicio o impedir el funcionamiento normal del sitio web. En cuanto a los contenidos de esta web, se proh\u00edbe:<\/p><ul><li>Su reproducci\u00f3n, distribuci\u00f3n o modificaci\u00f3n, total o parcial, salvo que se cuente con mi autorizaci\u00f3n como leg\u00edtimo titular;<\/li><li>Cualquier vulneraci\u00f3n de los derechos del prestamista o de m\u00ed como leg\u00edtimo titular;<\/li><li>Su utilizaci\u00f3n para fines comerciales o publicitarios.<\/li><\/ul><p>En la utilizaci\u00f3n del Sitio Web, el usuario se compromete a no llevar a cabo ninguna conducta que pudiera da\u00f1ar la imagen, los intereses y los derechos del Sitio Web o de terceros o que pudiera da\u00f1ar, inutilizar o sobrecargar el Sitio Web o que impidiera, de cualquier modo, la normal utilizaci\u00f3n de la web.<\/p><p>Sin embargo, el usuario debe ser consciente de que las medidas de seguridad de los sistemas inform\u00e1ticos en Internet no son enteramente fiables y que, por tanto el Sitio Web no puede garantizar la inexistencia de malware u otros elementos que puedan producir alteraciones en los sistemas inform\u00e1ticos (software y hardware) del usuario o en sus documentos electr\u00f3nicos y ficheros contenidos en los mismos, aunque pongo todos los medios necesarios y las medidas de seguridad oportunas para evitar la presencia de estos elementos nocivos.<\/p><p>\u00a0<\/p><h2>Medidas de seguridad<\/h2><p>Los datos personales comunicados por el usuario al Sitio Web pueden ser almacenados en bases de datos automatizadas o no, cuya titularidad corresponde en exclusiva al Sitio Web, asumiendo \u00e9sta todas las medidas de \u00edndole t\u00e9cnica, organizativa y de seguridad que garantizan la confidencialidad, integridad y calidad de la informaci\u00f3n contenida en las mismas de acuerdo con lo que establece la normativa vigente en protecci\u00f3n de datos.<\/p><p>La comunicaci\u00f3n entre los usuarios y el Sitio Web utiliza un canal seguro, y los datos transmitidos son cifrados gracias a protocolos en https, por tanto, garantizo las mejores condiciones de seguridad para que la confidencialidad de los usuarios est\u00e9 garantizada.<\/p><h2>\u00a0<\/h2><h2>Plataforma de resoluci\u00f3n de conflictos<\/h2><p>Pongo tambi\u00e9n a disposici\u00f3n de los usuarios la plataforma de resoluci\u00f3n de litigios que facilita la Comisi\u00f3n Europea y que se encuentra disponible en el siguiente enlace:<\/p><p><a href=\"https:\/\/translate.google.com\/website?sl=auto&amp;tl=ca&amp;hl=ca&amp;u=https:\/\/ec.europa.eu\/consumers\/odr\/main\/index.cfm?event%3Dmain.home.chooseLanguage\" target=\"_blank\" rel=\"noreferrer noopener\">http:\/\/ec.europa.eu\/consumers\/odr\/<\/a><\/p><h2>\u00a0<\/h2><h2>Derechos de propiedad intelectual e industrial<\/h2><p>En virtud de lo dispuesto en los art\u00edculos 8 y 32.1, p\u00e1rrafo segundo, de la Ley de propiedad intelectual, quedan expresamente prohibidas la reproducci\u00f3n, distribuci\u00f3n y comunicaci\u00f3n p\u00fablica, incluida su modalidad de puesta a disposici\u00f3n, de la totalidad o parte de los contenidos de esta p\u00e1gina web, con fines comerciales, en cualquier soporte y por cualquier medio t\u00e9cnico, sin la autorizaci\u00f3n del Sitio web. El usuario se compromete a respetar los derechos de propiedad intelectual e industrial titularidad del sitio web.<\/p><p>El usuario conoce y acepta que la totalidad del sitio web, conteniendo sin car\u00e1cter exhaustivo el texto, software, contenidos (incluyendo estructura, selecci\u00f3n, ordenaci\u00f3n y presentaci\u00f3n) podcast, fotograf\u00edas, material audiovisual y gr\u00e1ficos, est\u00e1 protegida por marcas, derechos de autor y otros derechos leg\u00edtimos, de acuerdo con los tratados internacionales en los que Espa\u00f1a es parte y otros derechos de propiedad y leyes de Espa\u00f1a.<\/p><p>En caso de que un usuario o un tercero consideren que se ha producido una violaci\u00f3n de sus leg\u00edtimos derechos de propiedad intelectual por la introducci\u00f3n de un determinado contenido en la web, deber\u00e1 notificar esta circunstancia al Sitio web indicando:<\/p><p>Datos personales del interesado titular de los derechos presuntamente infringidos, o indicar la representaci\u00f3n con la que act\u00faa en caso de que la reclamaci\u00f3n la presente un tercero distinto del interesado.<\/p><p>Se\u00f1alar los contenidos protegidos por los derechos de propiedad intelectual y su ubicaci\u00f3n en la web, la acreditaci\u00f3n de los derechos de propiedad intelectual se\u00f1alados y declaraci\u00f3n expresa en la que el interesado se responsabiliza de la veracidad de las informaciones facilitadas en la notificaci\u00f3n .<\/p><p>Enlaces externos<\/p><p>Las p\u00e1ginas del Sitio web proporciona enlaces a otros sitios web propios y contenidos que son propiedad de terceros como:<\/p><ul><li>Marcas de com\u00e9ticas<\/li><li>Contenido de otros blogs<\/li><\/ul><p>En mi web se permiten realizar comentarios para enriquecer los contenidos y realizar consultas.<\/p><p>No se admitir\u00e1n comentarios que no est\u00e9n relacionados con la tem\u00e1tica de esta web, que incluyan difamaciones, agravios, insultos, ataques personales o faltas de respeto en general hacia el autor u otros miembros. Estos comentarios ser\u00e1n suprimidos por los administradores de la web.<\/p><p>Tambi\u00e9n ser\u00e1n suprimidos los comentarios que contengan informaci\u00f3n que sea obviamente enga\u00f1osa o falsa, as\u00ed como los comentarios que contengan informaci\u00f3n personal, tales como domicilios privados o tel\u00e9fonos y que vulneren nuestra pol\u00edtica de protecci\u00f3n de datos.<\/p><p>Se desestimar\u00e1, igualmente, aquellos comentarios creados s\u00f3lo con fines promocionales de una web, persona o colectivo y todo lo que pueda ser considerado spam en general.<\/p><p>No se permiten comentarios an\u00f3nimos, as\u00ed como aquellos realizados por una misma persona con distintos apodos. Tampoco se considerar\u00e1n aquellos comentarios que intenten forzar un debate o toma de postura por otro usuario.<\/p><h2>\u00a0<\/h2><h2>Exclusi\u00f3n de garant\u00edas y responsable<\/h2><p>El Sitio Web no otorga ninguna garant\u00eda ni se hace responsable, en ning\u00fan caso, de los da\u00f1os y perjuicios de cualquier naturaleza que pudieran llevar causa de:<\/p><ul><li>La falta de disponibilidad, mantenimiento y efectivo funcionamiento de la web, o de sus servicios y contenidos;<\/li><li>La existencia de malware, programas maliciosos o lesivos en los contenidos;<\/li><li>El uso il\u00edcito, negligente, fraudulento o contrario a este Aviso Legal;<\/li><li>La falta de licitud, calidad, fiabilidad, utilidad y disponibilidad de los servicios prestados por terceros y puestos a disposici\u00f3n de los usuarios en el sitio web.<\/li><li>El prestamista no se hace responsable bajo ning\u00fan concepto de los da\u00f1os que pudieran dimanar del uso ilegal o indebido de la presente p\u00e1gina web.<\/li><\/ul><h2>\u00a0<\/h2><h2>Ley aplicable y jurisdicci\u00f3n<\/h2><p>Con car\u00e1cter general las relaciones entre el Sitio web con los usuarios de sus servicios telem\u00e1ticos, presentes en esta web se encuentran sometidas a la legislaci\u00f3n y jurisdicci\u00f3n espa\u00f1olas ya los tribunales de la Bisbal d&#039;Empord\u00e0<\/p><h2>\u00a0<\/h2><h2>Contacto<\/h2><p>En caso de que cualquier usuario tuviera alguna duda sobre estas Condiciones legales o cualquier comentario sobre el portal, por favor dir\u00edjase a info@esteticathermal.cat.<\/p><p><strong>Actualizado el 06 de junio de 2023.<\/strong><\/p><\/div><\/article><p>\u00a0<\/p><\/main><\/div>\t\t\t\t\t\t\t\t<\/div>\n\t\t\t\t<\/div>\n\t\t\t\t\t<\/div>\n\t\t\t\t<\/div>\n\t\t\t\t<\/div>","protected":false},"excerpt":{"rendered":"<p>Datos del Responsable Identidad del Responsable: Anna Llenas Torrent Nombre comercial: Est\u00e9tica Thermal Direcci\u00f3n: Ram\u00f3n cabrera 5 Correo electr\u00f3nico: info@esteticathermal.cat En este espacio, el usuario podr\u00e1 encontrar toda la informaci\u00f3n relativa a los t\u00e9rminos y condiciones legales que definen las relaciones entre los usuarios y el responsable, en adelante el Sitio web. Como usuario, es importante [\u2026]<\/p>","protected":false},"author":1,"featured_media":0,"parent":0,"menu_order":0,"comment_status":"closed","ping_status":"closed","template":"","meta":{"site-sidebar-layout":"default","site-content-layout":"","ast-site-content-layout":"default","site-content-style":"default","site-sidebar-style":"default","ast-global-header-display":"","ast-banner-title-visibility":"","ast-main-header-display":"","ast-hfb-above-header-display":"","ast-hfb-below-header-display":"","ast-hfb-mobile-header-display":"","site-post-title":"","ast-breadcrumbs-content":"","ast-featured-img":"","footer-sml-layout":"","ast-disable-related-posts":"","theme-transparent-header-meta":"","adv-header-id-meta":"","stick-header-meta":"","header-above-stick-meta":"","header-main-stick-meta":"","header-below-stick-meta":"","astra-migrate-meta-layouts":"default","ast-page-background-enabled":"default","ast-page-background-meta":{"desktop":{"background-color":"var(--ast-global-color-4)","background-image":"","background-repeat":"repeat","background-position":"center center","background-size":"auto","background-attachment":"scroll","background-type":"","background-media":"","overlay-type":"","overlay-color":"","overlay-opacity":"","overlay-gradient":""},"tablet":{"background-color":"","background-image":"","background-repeat":"repeat","background-position":"center center","background-size":"auto","background-attachment":"scroll","background-type":"","background-media":"","overlay-type":"","overlay-color":"","overlay-opacity":"","overlay-gradient":""},"mobile":{"background-color":"","background-image":"","background-repeat":"repeat","background-position":"center center","background-size":"auto","background-attachment":"scroll","background-type":"","background-media":"","overlay-type":"","overlay-color":"","overlay-opacity":"","overlay-gradient":""}},"ast-content-background-meta":{"desktop":{"background-color":"var(--ast-global-color-5)","background-image":"","background-repeat":"repeat","background-position":"center center","background-size":"auto","background-attachment":"scroll","background-type":"","background-media":"","overlay-type":"","overlay-color":"","overlay-opacity":"","overlay-gradient":""},"tablet":{"background-color":"var(--ast-global-color-5)","background-image":"","background-repeat":"repeat","background-position":"center center","background-size":"auto","background-attachment":"scroll","background-type":"","background-media":"","overlay-type":"","overlay-color":"","overlay-opacity":"","overlay-gradient":""},"mobile":{"background-color":"var(--ast-global-color-5)","background-image":"","background-repeat":"repeat","background-position":"center center","background-size":"auto","background-attachment":"scroll","background-type":"","background-media":"","overlay-type":"","overlay-color":"","overlay-opacity":"","overlay-gradient":""}},"footnotes":""},"class_list":["post-1091","page","type-page","status-publish","hentry"],"yoast_head":"<!-- This site is optimized with the Yoast SEO plugin v26.6 - https:\/\/yoast.com\/wordpress\/plugins\/seo\/ -->\n<title>Av\u00eds Legal - Thermal Centre d&#039;est\u00e8tica home i dona<\/title>\n<meta name=\"robots\" content=\"index, follow, max-snippet:-1, max-image-preview:large, max-video-preview:-1\" \/>\n<link rel=\"canonical\" href=\"https:\/\/esteticathermal.cat\/es\/aviso-legal\/\" \/>\n<meta property=\"og:locale\" content=\"es_ES\" \/>\n<meta property=\"og:type\" content=\"article\" \/>\n<meta property=\"og:title\" content=\"Av\u00eds Legal - Thermal Centre d&#039;est\u00e8tica home i dona\" \/>\n<meta property=\"og:description\" content=\"Dades del Responsable Identitat del Responsable: Anna Llenas Torrent Nom comercial: Est\u00e8tica Thermal Adre\u00e7a: Ram\u00f3n cabrera 5 Correu electr\u00f2nic: info@esteticathermal.cat En aquest espai, l&#8217;usuari podr\u00e0 trobar tota la informaci\u00f3 relativa als termes i condicions legals que defineixen les relacions entre els usuaris i el responsable, d&#8217;ara endavant el Lloc web. Com a usuari, \u00e9s important [&hellip;]\" \/>\n<meta property=\"og:url\" content=\"https:\/\/esteticathermal.cat\/es\/aviso-legal\/\" \/>\n<meta property=\"og:site_name\" content=\"Thermal Centre d&#039;est\u00e8tica home i dona\" \/>\n<meta property=\"article:publisher\" content=\"https:\/\/www.facebook.com\/people\/Estetica-Thermal\/\" \/>\n<meta property=\"article:modified_time\" content=\"2023-06-07T08:44:33+00:00\" \/>\n<meta name=\"twitter:card\" content=\"summary_large_image\" \/>\n<meta name=\"twitter:label1\" content=\"Tiempo de lectura\" \/>\n\t<meta name=\"twitter:data1\" content=\"8 minutos\" \/>\n<script type=\"application\/ld+json\" class=\"yoast-schema-graph\">{\"@context\":\"https:\/\/schema.org\",\"@graph\":[{\"@type\":\"WebPage\",\"@id\":\"https:\/\/esteticathermal.cat\/avis-legal\/\",\"url\":\"https:\/\/esteticathermal.cat\/avis-legal\/\",\"name\":\"Av\u00eds Legal - Thermal Centre d&#039;est\u00e8tica home i dona\",\"isPartOf\":{\"@id\":\"https:\/\/esteticathermal.cat\/#website\"},\"datePublished\":\"2023-06-07T08:29:36+00:00\",\"dateModified\":\"2023-06-07T08:44:33+00:00\",\"breadcrumb\":{\"@id\":\"https:\/\/esteticathermal.cat\/avis-legal\/#breadcrumb\"},\"inLanguage\":\"es\",\"potentialAction\":[{\"@type\":\"ReadAction\",\"target\":[\"https:\/\/esteticathermal.cat\/avis-legal\/\"]}]},{\"@type\":\"BreadcrumbList\",\"@id\":\"https:\/\/esteticathermal.cat\/avis-legal\/#breadcrumb\",\"itemListElement\":[{\"@type\":\"ListItem\",\"position\":1,\"name\":\"Inici\",\"item\":\"https:\/\/esteticathermal.cat\/\"},{\"@type\":\"ListItem\",\"position\":2,\"name\":\"Av\u00eds Legal\"}]},{\"@type\":\"WebSite\",\"@id\":\"https:\/\/esteticathermal.cat\/#website\",\"url\":\"https:\/\/esteticathermal.cat\/\",\"name\":\"Thermal Centre d&#039;est\u00e8tica home i dona\",\"description\":\"Centre d&#039;est\u00e8tica home i dona\",\"publisher\":{\"@id\":\"https:\/\/esteticathermal.cat\/#organization\"},\"potentialAction\":[{\"@type\":\"SearchAction\",\"target\":{\"@type\":\"EntryPoint\",\"urlTemplate\":\"https:\/\/esteticathermal.cat\/?s={search_term_string}\"},\"query-input\":{\"@type\":\"PropertyValueSpecification\",\"valueRequired\":true,\"valueName\":\"search_term_string\"}}],\"inLanguage\":\"es\"},{\"@type\":\"Organization\",\"@id\":\"https:\/\/esteticathermal.cat\/#organization\",\"name\":\"Est\u00e8tica Thermal\",\"url\":\"https:\/\/esteticathermal.cat\/\",\"logo\":{\"@type\":\"ImageObject\",\"inLanguage\":\"es\",\"@id\":\"https:\/\/esteticathermal.cat\/#\/schema\/logo\/image\/\",\"url\":\"https:\/\/esteticathermal.cat\/wp-content\/uploads\/2023\/03\/logo.jpg\",\"contentUrl\":\"https:\/\/esteticathermal.cat\/wp-content\/uploads\/2023\/03\/logo.jpg\",\"width\":180,\"height\":108,\"caption\":\"Est\u00e8tica Thermal\"},\"image\":{\"@id\":\"https:\/\/esteticathermal.cat\/#\/schema\/logo\/image\/\"},\"sameAs\":[\"https:\/\/www.facebook.com\/people\/Estetica-Thermal\/\",\"https:\/\/www.instagram.com\/esteticathermal\/\"]}]}<\/script>\n<!-- \/ Yoast SEO plugin. -->","yoast_head_json":{"title":"Av\u00eds Legal - Thermal Centre d&#039;est\u00e8tica home i dona","robots":{"index":"index","follow":"follow","max-snippet":"max-snippet:-1","max-image-preview":"max-image-preview:large","max-video-preview":"max-video-preview:-1"},"canonical":"https:\/\/esteticathermal.cat\/es\/aviso-legal\/","og_locale":"es_ES","og_type":"article","og_title":"Av\u00eds Legal - Thermal Centre d&#039;est\u00e8tica home i dona","og_description":"Dades del Responsable Identitat del Responsable: Anna Llenas Torrent Nom comercial: Est\u00e8tica Thermal Adre\u00e7a: Ram\u00f3n cabrera 5 Correu electr\u00f2nic: info@esteticathermal.cat En aquest espai, l&#8217;usuari podr\u00e0 trobar tota la informaci\u00f3 relativa als termes i condicions legals que defineixen les relacions entre els usuaris i el responsable, d&#8217;ara endavant el Lloc web. Com a usuari, \u00e9s important [&hellip;]","og_url":"https:\/\/esteticathermal.cat\/es\/aviso-legal\/","og_site_name":"Thermal Centre d&#039;est\u00e8tica home i dona","article_publisher":"https:\/\/www.facebook.com\/people\/Estetica-Thermal\/","article_modified_time":"2023-06-07T08:44:33+00:00","twitter_card":"summary_large_image","twitter_misc":{"Tiempo de lectura":"8 minutos"},"schema":{"@context":"https:\/\/schema.org","@graph":[{"@type":"WebPage","@id":"https:\/\/esteticathermal.cat\/avis-legal\/","url":"https:\/\/esteticathermal.cat\/avis-legal\/","name":"Av\u00eds Legal - Thermal Centre d&#039;est\u00e8tica home i dona","isPartOf":{"@id":"https:\/\/esteticathermal.cat\/#website"},"datePublished":"2023-06-07T08:29:36+00:00","dateModified":"2023-06-07T08:44:33+00:00","breadcrumb":{"@id":"https:\/\/esteticathermal.cat\/avis-legal\/#breadcrumb"},"inLanguage":"es","potentialAction":[{"@type":"ReadAction","target":["https:\/\/esteticathermal.cat\/avis-legal\/"]}]},{"@type":"BreadcrumbList","@id":"https:\/\/esteticathermal.cat\/avis-legal\/#breadcrumb","itemListElement":[{"@type":"ListItem","position":1,"name":"Inici","item":"https:\/\/esteticathermal.cat\/"},{"@type":"ListItem","position":2,"name":"Av\u00eds Legal"}]},{"@type":"WebSite","@id":"https:\/\/esteticathermal.cat\/#website","url":"https:\/\/esteticathermal.cat\/","name":"Thermal Centre d&#039;est\u00e8tica home i dona","description":"Centre d&#039;est\u00e8tica home i dona","publisher":{"@id":"https:\/\/esteticathermal.cat\/#organization"},"potentialAction":[{"@type":"SearchAction","target":{"@type":"EntryPoint","urlTemplate":"https:\/\/esteticathermal.cat\/?s={search_term_string}"},"query-input":{"@type":"PropertyValueSpecification","valueRequired":true,"valueName":"search_term_string"}}],"inLanguage":"es"},{"@type":"Organization","@id":"https:\/\/esteticathermal.cat\/#organization","name":"Est\u00e9tica Thermal","url":"https:\/\/esteticathermal.cat\/","logo":{"@type":"ImageObject","inLanguage":"es","@id":"https:\/\/esteticathermal.cat\/#\/schema\/logo\/image\/","url":"https:\/\/esteticathermal.cat\/wp-content\/uploads\/2023\/03\/logo.jpg","contentUrl":"https:\/\/esteticathermal.cat\/wp-content\/uploads\/2023\/03\/logo.jpg","width":180,"height":108,"caption":"Est\u00e8tica Thermal"},"image":{"@id":"https:\/\/esteticathermal.cat\/#\/schema\/logo\/image\/"},"sameAs":["https:\/\/www.facebook.com\/people\/Estetica-Thermal\/","https:\/\/www.instagram.com\/esteticathermal\/"]}]}},"_links":{"self":[{"href":"https:\/\/esteticathermal.cat\/es\/wp-json\/wp\/v2\/pages\/1091","targetHints":{"allow":["GET"]}}],"collection":[{"href":"https:\/\/esteticathermal.cat\/es\/wp-json\/wp\/v2\/pages"}],"about":[{"href":"https:\/\/esteticathermal.cat\/es\/wp-json\/wp\/v2\/types\/page"}],"author":[{"embeddable":true,"href":"https:\/\/esteticathermal.cat\/es\/wp-json\/wp\/v2\/users\/1"}],"replies":[{"embeddable":true,"href":"https:\/\/esteticathermal.cat\/es\/wp-json\/wp\/v2\/comments?post=1091"}],"version-history":[{"count":9,"href":"https:\/\/esteticathermal.cat\/es\/wp-json\/wp\/v2\/pages\/1091\/revisions"}],"predecessor-version":[{"id":1103,"href":"https:\/\/esteticathermal.cat\/es\/wp-json\/wp\/v2\/pages\/1091\/revisions\/1103"}],"wp:attachment":[{"href":"https:\/\/esteticathermal.cat\/es\/wp-json\/wp\/v2\/media?parent=1091"}],"curies":[{"name":"wp","href":"https:\/\/api.w.org\/{rel}","templated":true}]}}